{"id":1352,"date":"2024-01-04T16:26:33","date_gmt":"2024-01-04T13:26:33","guid":{"rendered":"https:\/\/ardaekintuncay.com\/psikoloji101\/?post_type=product&#038;p=1352"},"modified":"2024-01-19T13:55:12","modified_gmt":"2024-01-19T10:55:12","slug":"panik-atak-rehberi","status":"publish","type":"product","link":"https:\/\/ardaekintuncay.com\/psikoloji101\/urun\/panik-atak-rehberi\/","title":{"rendered":"Panik Atak Rehberi"},"content":{"rendered":"<div id=\"output\" class=\"page-generator__output js-generator-output\">\n<h2 data-pm-slice=\"1 1 []\"><strong>Panik Atak Rehberi Nedir?<\/strong><\/h2>\n<p><strong>Panik atak<\/strong>, aniden ortaya \u00e7\u0131kan yo\u011fun korku veya kayg\u0131 hissi ile karakterize olan bir anksiyete bozuklu\u011fudur. Hayatlar\u0131m\u0131z i\u00e7erisinde yo\u011fun kayg\u0131 ya\u015fad\u0131\u011f\u0131m\u0131z birden \u00e7ok an vard\u0131r. Bu her seferinde panik atak ya\u015f\u0131yoruz anlam\u0131na gelmez.<\/p>\n<p>Atak s\u0131ras\u0131nda ki\u015filer art\u0131k sonun geldi\u011fini, \u00f6l\u00fcm\u00fcn kap\u0131da oldu\u011funu hissedebilirler. Belki bu hissiyat\u0131n hayat boyu onlar\u0131n yan\u0131nda olaca\u011f\u0131n\u0131 hissedebilirler.<\/p>\n<p>Panik ata\u011f\u0131n en etkili ilac\u0131 ya\u015fad\u0131\u011f\u0131n\u0131z s\u00fcreci anlamland\u0131rabilmeniz ve i\u00e7erisinde bulundu\u011funuz durumdan belirli bir s\u00fcre sonunda \u00e7\u0131kaca\u011f\u0131n\u0131z\u0131 anlaman\u0131zd\u0131r.<\/p>\n<p>Bu ihtiya\u00e7tan yola \u00e7\u0131karak <strong>Panik Atak<\/strong> Rehberini haz\u0131rlad\u0131m. Umar\u0131m siz veya yak\u0131nlar\u0131n\u0131za yard\u0131mc\u0131 olur.<\/p>\n<h3><strong>\u0130\u00e7eri\u011fi Nedir?<\/strong><\/h3>\n<ul>\n<li><strong>Bilgilendirme :<\/strong> Panik Atak hakk\u0131nda ne kadar \u00e7ok bilgiye sahip olursan\u0131z ataklar\u0131 o kadar y\u00f6netebilirsiniz.<\/li>\n<li><strong>Kaynaklar : <\/strong>\u0130nternet \u00fczerinde incelemeye de\u011fer kaynaklar.<\/li>\n<li><strong>Terapi Uygulamalar\u0131 :<\/strong> Terapilerde dan\u0131\u015fanlar\u0131mla uygulad\u0131\u011f\u0131m BDT temelli uygulamalar.<\/li>\n<\/ul>\n<h2><strong>SSS<\/strong><\/h2>\n<h3><strong>Notion Nedir?<\/strong><\/h3>\n<p>Notion, bir organizasyon ve not alma uygulamas\u0131d\u0131r. Kullan\u0131c\u0131lar, metin, liste, tablolar, hat\u0131rlat\u0131c\u0131lar ve dosyalar gibi farkl\u0131 i\u00e7erik t\u00fcrleri olu\u015fturabilir ve bu i\u00e7erikleri bir araya getirerek projelerini, notlar\u0131n\u0131, takvimlerini veya di\u011fer bilgilerini organize edebilirler.<\/p>\n<p>Notion, web ve mobil uygulamalar\u0131 ile kullan\u0131labilir ve verilerinizi senkronize edebilirsiniz. Notion, kullan\u0131c\u0131lar\u0131n \u00e7al\u0131\u015fmalar\u0131n\u0131 daha etkili hale getirmelerine ve bilgilerini daha iyi organize etmelerine olanak tan\u0131r.<\/p>\n<h3><strong>Notion \u015fablonu nedir?<\/strong><\/h3>\n<p>Notion \u015fablonlar\u0131, Notion platformu \u00fczerinde kullan\u0131c\u0131lar taraf\u0131ndan olu\u015fturulan ve payla\u015f\u0131lan \u00f6nceden tan\u0131mlanm\u0131\u015f belge tasar\u0131mlar\u0131d\u0131r. Bu \u015fablonlar, Notion&#8217;un bir\u00e7ok farkl\u0131 \u00f6zelli\u011fini bir araya getirerek, belirli bir ama\u00e7 i\u00e7in kullan\u0131ma uygun hale getirilir.<\/p>\n<h3><strong>\u015eablonu nas\u0131l alaca\u011f\u0131m?<\/strong><\/h3>\n<p>Sat\u0131n al\u0131m i\u015flemi onayland\u0131ktan sonra uygulama linkini i\u00e7eren bir dosyaya y\u00f6nlendirileceksiniz. Oradaki linke t\u0131klayarak uygulamaya eri\u015febileceksiniz.<\/p>\n<h3><strong>Notion uygulamas\u0131na para \u00f6d\u00fcyor muyum?<\/strong><\/h3>\n<p>Notion uygulamas\u0131n\u0131 \u00fccretsiz olarak kullanabilirsiniz. Dilerseniz daha fazla \u00f6zelli\u011fe sahip olmak i\u00e7in \u00fccretli \u00fcyelik paketlerini se\u00e7ebilirsiniz.<\/p>\n<h3><strong>Daha fazla sorum var.<\/strong><\/h3>\n<p>Bana site \u00fczerinde bulunan ileti\u015fim butonlar\u0131 \u00fczerinden ula\u015fabilirsiniz.<\/p>\n<p>&nbsp;<\/p>\n<\/div>\n","protected":false},"excerpt":{"rendered":"<p><strong>Panik atak<\/strong>, aniden ortaya \u00e7\u0131kan yo\u011fun korku veya kayg\u0131 hissi ile karakterize olan bir anksiyete bozuklu\u011fudur. Hayatlar\u0131m\u0131z i\u00e7erisinde yo\u011fun kayg\u0131 ya\u015fad\u0131\u011f\u0131m\u0131z birden \u00e7ok an vard\u0131r. Bu her seferinde panik atak ya\u015f\u0131yoruz anlam\u0131na gelmez.<\/p>\n<p>Atak s\u0131ras\u0131nda ki\u015filer art\u0131k sonun geldi\u011fini, \u00f6l\u00fcm\u00fcn kap\u0131da oldu\u011funu hissedebilirler. Belki bu hissiyat\u0131n hayat boyu onlar\u0131n yan\u0131nda olaca\u011f\u0131n\u0131 hissedebilirler.<\/p>\n<p>Panik ata\u011f\u0131n en etkili ilac\u0131 ya\u015fad\u0131\u011f\u0131n\u0131z s\u00fcreci anlamland\u0131rabilmeniz ve i\u00e7erisinde bulundu\u011funuz durumdan belirli bir s\u00fcre sonunda \u00e7\u0131kaca\u011f\u0131n\u0131z\u0131 anlaman\u0131zd\u0131r.<\/p>\n<p>Bu ihtiya\u00e7tan yola \u00e7\u0131karak <strong>Panik Atak<\/strong> Rehberini haz\u0131rlad\u0131m. Umar\u0131m siz veya yak\u0131nlar\u0131n\u0131za yard\u0131mc\u0131 olur.<\/p>\n<h3><strong>\u0130\u00e7eri\u011fi Nedir?<\/strong><\/h3>\n<ul>\n<li><strong>Bilgilendirme :<\/strong> Panik Atak hakk\u0131nda ne kadar \u00e7ok bilgiye sahip olursan\u0131z ataklar\u0131 o kadar y\u00f6netebilirsiniz.<\/li>\n<li><strong>Kaynaklar : <\/strong>\u0130nternet \u00fczerinde incelemeye de\u011fer kaynaklar.<\/li>\n<li><strong>Terapi Uygulamalar\u0131 :<\/strong> Terapilerde dan\u0131\u015fanlar\u0131mla uygulad\u0131\u011f\u0131m BDT temelli uygulamalar.<\/li>\n<\/ul>\n","protected":false},"featured_media":1353,"comment_status":"open","ping_status":"closed","template":"","meta":[],"product_brand":[],"product_cat":[39,38],"product_tag":[42,41,40],"class_list":{"0":"post-1352","1":"product","2":"type-product","3":"status-publish","4":"has-post-thumbnail","6":"product_cat-bilissel-davranisci-terapi","7":"product_cat-notion","8":"product_tag-bdt-uygulamalari","9":"product_tag-nefes-egzersizi","10":"product_tag-panik-atak","12":"first","13":"instock","14":"sale","15":"downloadable","16":"virtual","17":"taxable","18":"purchasable","19":"product-type-simple"},"yoast_head":"<!-- This site is optimized with the Yoast SEO plugin v27.5 - https:\/\/yoast.com\/product\/yoast-seo-wordpress\/ -->\n<title>Panik Atak Rehberi - Psikoloji 101<\/title>\n<meta name=\"description\" content=\"Panik Ataklar, yo\u011fun korku veya kayg\u0131 hissi ile karakterize olan bir anksiyete bozuklu\u011fudur. Bu rehber ihtiyac\u0131n\u0131z olan bilgi ve uygulamalar\u0131 size sa\u011flar.\" \/>\n<meta name=\"robots\" content=\"index, follow, max-snippet:-1, max-image-preview:large, max-video-preview:-1\" \/>\n<link rel=\"canonical\" href=\"https:\/\/ardaekintuncay.com\/psikoloji101\/urun\/panik-atak-rehberi\/\" \/>\n<meta property=\"og:locale\" content=\"tr_TR\" \/>\n<meta property=\"og:type\" content=\"article\" \/>\n<meta property=\"og:title\" content=\"Panik Atak Rehberi - Psikoloji 101\" \/>\n<meta property=\"og:description\" content=\"Panik Ataklar, yo\u011fun korku veya kayg\u0131 hissi ile karakterize olan bir anksiyete bozuklu\u011fudur. Bu rehber ihtiyac\u0131n\u0131z olan bilgi ve uygulamalar\u0131 size sa\u011flar.\" \/>\n<meta property=\"og:url\" content=\"https:\/\/ardaekintuncay.com\/psikoloji101\/urun\/panik-atak-rehberi\/\" \/>\n<meta property=\"og:site_name\" content=\"Psikoloji 101\" \/>\n<meta property=\"article:publisher\" content=\"https:\/\/www.facebook.com\/ardaekintuncay\" \/>\n<meta property=\"article:modified_time\" content=\"2024-01-19T10:55:12+00:00\" \/>\n<meta property=\"og:image\" content=\"https:\/\/ardaekintuncay.com\/psikoloji101\/wp-content\/uploads\/2024\/01\/Panik-Atak-Rehberi.png\" \/>\n\t<meta property=\"og:image:width\" content=\"1080\" \/>\n\t<meta property=\"og:image:height\" content=\"1080\" \/>\n\t<meta property=\"og:image:type\" content=\"image\/png\" \/>\n<meta name=\"twitter:card\" content=\"summary_large_image\" \/>\n<meta name=\"twitter:site\" content=\"@mraekot\" \/>\n<meta name=\"twitter:label1\" content=\"Tahmini okuma s\u00fcresi\" \/>\n\t<meta name=\"twitter:data1\" content=\"2 dakika\" \/>\n<script type=\"application\/ld+json\" class=\"yoast-schema-graph\">{\"@context\":\"https:\\\/\\\/schema.org\",\"@graph\":[{\"@type\":\"WebPage\",\"@id\":\"https:\\\/\\\/ardaekintuncay.com\\\/psikoloji101\\\/urun\\\/panik-atak-rehberi\\\/\",\"url\":\"https:\\\/\\\/ardaekintuncay.com\\\/psikoloji101\\\/urun\\\/panik-atak-rehberi\\\/\",\"name\":\"Panik Atak Rehberi - Psikoloji 101\",\"isPartOf\":{\"@id\":\"https:\\\/\\\/ardaekintuncay.com\\\/psikoloji101\\\/#website\"},\"primaryImageOfPage\":{\"@id\":\"https:\\\/\\\/ardaekintuncay.com\\\/psikoloji101\\\/urun\\\/panik-atak-rehberi\\\/#primaryimage\"},\"image\":{\"@id\":\"https:\\\/\\\/ardaekintuncay.com\\\/psikoloji101\\\/urun\\\/panik-atak-rehberi\\\/#primaryimage\"},\"thumbnailUrl\":\"https:\\\/\\\/ardaekintuncay.com\\\/psikoloji101\\\/wp-content\\\/uploads\\\/2024\\\/01\\\/Panik-Atak-Rehberi.png\",\"datePublished\":\"2024-01-04T13:26:33+00:00\",\"dateModified\":\"2024-01-19T10:55:12+00:00\",\"description\":\"Panik Ataklar, yo\u011fun korku veya kayg\u0131 hissi ile karakterize olan bir anksiyete bozuklu\u011fudur. Bu rehber ihtiyac\u0131n\u0131z olan bilgi ve uygulamalar\u0131 size sa\u011flar.\",\"breadcrumb\":{\"@id\":\"https:\\\/\\\/ardaekintuncay.com\\\/psikoloji101\\\/urun\\\/panik-atak-rehberi\\\/#breadcrumb\"},\"inLanguage\":\"tr\",\"potentialAction\":[{\"@type\":\"ReadAction\",\"target\":[\"https:\\\/\\\/ardaekintuncay.com\\\/psikoloji101\\\/urun\\\/panik-atak-rehberi\\\/\"]}]},{\"@type\":\"ImageObject\",\"inLanguage\":\"tr\",\"@id\":\"https:\\\/\\\/ardaekintuncay.com\\\/psikoloji101\\\/urun\\\/panik-atak-rehberi\\\/#primaryimage\",\"url\":\"https:\\\/\\\/ardaekintuncay.com\\\/psikoloji101\\\/wp-content\\\/uploads\\\/2024\\\/01\\\/Panik-Atak-Rehberi.png\",\"contentUrl\":\"https:\\\/\\\/ardaekintuncay.com\\\/psikoloji101\\\/wp-content\\\/uploads\\\/2024\\\/01\\\/Panik-Atak-Rehberi.png\",\"width\":1080,\"height\":1080},{\"@type\":\"BreadcrumbList\",\"@id\":\"https:\\\/\\\/ardaekintuncay.com\\\/psikoloji101\\\/urun\\\/panik-atak-rehberi\\\/#breadcrumb\",\"itemListElement\":[{\"@type\":\"ListItem\",\"position\":1,\"name\":\"Anasayfa\",\"item\":\"https:\\\/\\\/ardaekintuncay.com\\\/psikoloji101\\\/\"},{\"@type\":\"ListItem\",\"position\":2,\"name\":\"\u00dcr\u00fcnler\",\"item\":\"https:\\\/\\\/ardaekintuncay.com\\\/psikoloji101\\\/urunler\\\/\"},{\"@type\":\"ListItem\",\"position\":3,\"name\":\"Panik Atak Rehberi\"}]},{\"@type\":\"WebSite\",\"@id\":\"https:\\\/\\\/ardaekintuncay.com\\\/psikoloji101\\\/#website\",\"url\":\"https:\\\/\\\/ardaekintuncay.com\\\/psikoloji101\\\/\",\"name\":\"Psikoloji 101\",\"description\":\"\",\"publisher\":{\"@id\":\"https:\\\/\\\/ardaekintuncay.com\\\/psikoloji101\\\/#\\\/schema\\\/person\\\/a1af6811e5144326a83f6f0ee60b5da6\"},\"potentialAction\":[{\"@type\":\"SearchAction\",\"target\":{\"@type\":\"EntryPoint\",\"urlTemplate\":\"https:\\\/\\\/ardaekintuncay.com\\\/psikoloji101\\\/?s={search_term_string}\"},\"query-input\":{\"@type\":\"PropertyValueSpecification\",\"valueRequired\":true,\"valueName\":\"search_term_string\"}}],\"inLanguage\":\"tr\"},{\"@type\":[\"Person\",\"Organization\"],\"@id\":\"https:\\\/\\\/ardaekintuncay.com\\\/psikoloji101\\\/#\\\/schema\\\/person\\\/a1af6811e5144326a83f6f0ee60b5da6\",\"name\":\"ardaekintuncay\",\"image\":{\"@type\":\"ImageObject\",\"inLanguage\":\"tr\",\"@id\":\"https:\\\/\\\/ardaekintuncay.com\\\/psikoloji101\\\/wp-content\\\/uploads\\\/2024\\\/01\\\/AET-Logo-M.png\",\"url\":\"https:\\\/\\\/ardaekintuncay.com\\\/psikoloji101\\\/wp-content\\\/uploads\\\/2024\\\/01\\\/AET-Logo-M.png\",\"contentUrl\":\"https:\\\/\\\/ardaekintuncay.com\\\/psikoloji101\\\/wp-content\\\/uploads\\\/2024\\\/01\\\/AET-Logo-M.png\",\"width\":1878,\"height\":642,\"caption\":\"ardaekintuncay\"},\"logo\":{\"@id\":\"https:\\\/\\\/ardaekintuncay.com\\\/psikoloji101\\\/wp-content\\\/uploads\\\/2024\\\/01\\\/AET-Logo-M.png\"},\"sameAs\":[\"https:\\\/\\\/ardaekintuncay.com\",\"https:\\\/\\\/www.facebook.com\\\/ardaekintuncay\",\"https:\\\/\\\/www.instagram.com\\\/ardaekintuncay\\\/\",\"https:\\\/\\\/www.linkedin.com\\\/in\\\/ardaekintuncay\\\/\",\"https:\\\/\\\/x.com\\\/https:\\\/\\\/twitter.com\\\/mraekot\",\"https:\\\/\\\/www.youtube.com\\\/@ardaekintuncay\"]}]}<\/script>\n<!-- \/ Yoast SEO plugin. -->","yoast_head_json":{"title":"Panik Atak Rehberi - Psikoloji 101","description":"Panik Ataklar, yo\u011fun korku veya kayg\u0131 hissi ile karakterize olan bir anksiyete bozuklu\u011fudur. Bu rehber ihtiyac\u0131n\u0131z olan bilgi ve uygulamalar\u0131 size sa\u011flar.","robots":{"index":"index","follow":"follow","max-snippet":"max-snippet:-1","max-image-preview":"max-image-preview:large","max-video-preview":"max-video-preview:-1"},"canonical":"https:\/\/ardaekintuncay.com\/psikoloji101\/urun\/panik-atak-rehberi\/","og_locale":"tr_TR","og_type":"article","og_title":"Panik Atak Rehberi - Psikoloji 101","og_description":"Panik Ataklar, yo\u011fun korku veya kayg\u0131 hissi ile karakterize olan bir anksiyete bozuklu\u011fudur. Bu rehber ihtiyac\u0131n\u0131z olan bilgi ve uygulamalar\u0131 size sa\u011flar.","og_url":"https:\/\/ardaekintuncay.com\/psikoloji101\/urun\/panik-atak-rehberi\/","og_site_name":"Psikoloji 101","article_publisher":"https:\/\/www.facebook.com\/ardaekintuncay","article_modified_time":"2024-01-19T10:55:12+00:00","og_image":[{"width":1080,"height":1080,"url":"https:\/\/ardaekintuncay.com\/psikoloji101\/wp-content\/uploads\/2024\/01\/Panik-Atak-Rehberi.png","type":"image\/png"}],"twitter_card":"summary_large_image","twitter_site":"@mraekot","twitter_misc":{"Tahmini okuma s\u00fcresi":"2 dakika"},"schema":{"@context":"https:\/\/schema.org","@graph":[{"@type":"WebPage","@id":"https:\/\/ardaekintuncay.com\/psikoloji101\/urun\/panik-atak-rehberi\/","url":"https:\/\/ardaekintuncay.com\/psikoloji101\/urun\/panik-atak-rehberi\/","name":"Panik Atak Rehberi - Psikoloji 101","isPartOf":{"@id":"https:\/\/ardaekintuncay.com\/psikoloji101\/#website"},"primaryImageOfPage":{"@id":"https:\/\/ardaekintuncay.com\/psikoloji101\/urun\/panik-atak-rehberi\/#primaryimage"},"image":{"@id":"https:\/\/ardaekintuncay.com\/psikoloji101\/urun\/panik-atak-rehberi\/#primaryimage"},"thumbnailUrl":"https:\/\/ardaekintuncay.com\/psikoloji101\/wp-content\/uploads\/2024\/01\/Panik-Atak-Rehberi.png","datePublished":"2024-01-04T13:26:33+00:00","dateModified":"2024-01-19T10:55:12+00:00","description":"Panik Ataklar, yo\u011fun korku veya kayg\u0131 hissi ile karakterize olan bir anksiyete bozuklu\u011fudur. Bu rehber ihtiyac\u0131n\u0131z olan bilgi ve uygulamalar\u0131 size sa\u011flar.","breadcrumb":{"@id":"https:\/\/ardaekintuncay.com\/psikoloji101\/urun\/panik-atak-rehberi\/#breadcrumb"},"inLanguage":"tr","potentialAction":[{"@type":"ReadAction","target":["https:\/\/ardaekintuncay.com\/psikoloji101\/urun\/panik-atak-rehberi\/"]}]},{"@type":"ImageObject","inLanguage":"tr","@id":"https:\/\/ardaekintuncay.com\/psikoloji101\/urun\/panik-atak-rehberi\/#primaryimage","url":"https:\/\/ardaekintuncay.com\/psikoloji101\/wp-content\/uploads\/2024\/01\/Panik-Atak-Rehberi.png","contentUrl":"https:\/\/ardaekintuncay.com\/psikoloji101\/wp-content\/uploads\/2024\/01\/Panik-Atak-Rehberi.png","width":1080,"height":1080},{"@type":"BreadcrumbList","@id":"https:\/\/ardaekintuncay.com\/psikoloji101\/urun\/panik-atak-rehberi\/#breadcrumb","itemListElement":[{"@type":"ListItem","position":1,"name":"Anasayfa","item":"https:\/\/ardaekintuncay.com\/psikoloji101\/"},{"@type":"ListItem","position":2,"name":"\u00dcr\u00fcnler","item":"https:\/\/ardaekintuncay.com\/psikoloji101\/urunler\/"},{"@type":"ListItem","position":3,"name":"Panik Atak Rehberi"}]},{"@type":"WebSite","@id":"https:\/\/ardaekintuncay.com\/psikoloji101\/#website","url":"https:\/\/ardaekintuncay.com\/psikoloji101\/","name":"Psikoloji 101","description":"","publisher":{"@id":"https:\/\/ardaekintuncay.com\/psikoloji101\/#\/schema\/person\/a1af6811e5144326a83f6f0ee60b5da6"},"potentialAction":[{"@type":"SearchAction","target":{"@type":"EntryPoint","urlTemplate":"https:\/\/ardaekintuncay.com\/psikoloji101\/?s={search_term_string}"},"query-input":{"@type":"PropertyValueSpecification","valueRequired":true,"valueName":"search_term_string"}}],"inLanguage":"tr"},{"@type":["Person","Organization"],"@id":"https:\/\/ardaekintuncay.com\/psikoloji101\/#\/schema\/person\/a1af6811e5144326a83f6f0ee60b5da6","name":"ardaekintuncay","image":{"@type":"ImageObject","inLanguage":"tr","@id":"https:\/\/ardaekintuncay.com\/psikoloji101\/wp-content\/uploads\/2024\/01\/AET-Logo-M.png","url":"https:\/\/ardaekintuncay.com\/psikoloji101\/wp-content\/uploads\/2024\/01\/AET-Logo-M.png","contentUrl":"https:\/\/ardaekintuncay.com\/psikoloji101\/wp-content\/uploads\/2024\/01\/AET-Logo-M.png","width":1878,"height":642,"caption":"ardaekintuncay"},"logo":{"@id":"https:\/\/ardaekintuncay.com\/psikoloji101\/wp-content\/uploads\/2024\/01\/AET-Logo-M.png"},"sameAs":["https:\/\/ardaekintuncay.com","https:\/\/www.facebook.com\/ardaekintuncay","https:\/\/www.instagram.com\/ardaekintuncay\/","https:\/\/www.linkedin.com\/in\/ardaekintuncay\/","https:\/\/x.com\/https:\/\/twitter.com\/mraekot","https:\/\/www.youtube.com\/@ardaekintuncay"]}]}},"_links":{"self":[{"href":"https:\/\/ardaekintuncay.com\/psikoloji101\/wp-json\/wp\/v2\/product\/1352","targetHints":{"allow":["GET"]}}],"collection":[{"href":"https:\/\/ardaekintuncay.com\/psikoloji101\/wp-json\/wp\/v2\/product"}],"about":[{"href":"https:\/\/ardaekintuncay.com\/psikoloji101\/wp-json\/wp\/v2\/types\/product"}],"replies":[{"embeddable":true,"href":"https:\/\/ardaekintuncay.com\/psikoloji101\/wp-json\/wp\/v2\/comments?post=1352"}],"version-history":[{"count":6,"href":"https:\/\/ardaekintuncay.com\/psikoloji101\/wp-json\/wp\/v2\/product\/1352\/revisions"}],"predecessor-version":[{"id":1488,"href":"https:\/\/ardaekintuncay.com\/psikoloji101\/wp-json\/wp\/v2\/product\/1352\/revisions\/1488"}],"wp:featuredmedia":[{"embeddable":true,"href":"https:\/\/ardaekintuncay.com\/psikoloji101\/wp-json\/wp\/v2\/media\/1353"}],"wp:attachment":[{"href":"https:\/\/ardaekintuncay.com\/psikoloji101\/wp-json\/wp\/v2\/media?parent=1352"}],"wp:term":[{"taxonomy":"product_brand","embeddable":true,"href":"https:\/\/ardaekintuncay.com\/psikoloji101\/wp-json\/wp\/v2\/product_brand?post=1352"},{"taxonomy":"product_cat","embeddable":true,"href":"https:\/\/ardaekintuncay.com\/psikoloji101\/wp-json\/wp\/v2\/product_cat?post=1352"},{"taxonomy":"product_tag","embeddable":true,"href":"https:\/\/ardaekintuncay.com\/psikoloji101\/wp-json\/wp\/v2\/product_tag?post=1352"}],"curies":[{"name":"wp","href":"https:\/\/api.w.org\/{rel}","templated":true}]}}