{"id":1356,"date":"2024-01-04T16:46:51","date_gmt":"2024-01-04T13:46:51","guid":{"rendered":"https:\/\/ardaekintuncay.com\/psikoloji101\/?post_type=product&#038;p=1356"},"modified":"2024-01-19T13:56:47","modified_gmt":"2024-01-19T10:56:47","slug":"psikoegitim","status":"publish","type":"product","link":"https:\/\/ardaekintuncay.com\/psikoloji101\/urun\/psikoegitim\/","title":{"rendered":"Psikoe\u011fitim \u015eablonu"},"content":{"rendered":"<div id=\"output\" class=\"page-generator__output js-generator-output\">\n<h2 data-pm-slice=\"1 1 []\"><strong>Psikoe\u011fitim \u015eablonu Nedir?<\/strong><\/h2>\n<p><strong>Psikoe\u011fitim,\u00a0<\/strong>Bili\u015fsel Davran\u0131\u015f\u00e7\u0131 Terapi&#8217;nin vazge\u00e7ilmez bir par\u00e7as\u0131d\u0131r. Terapilere ba\u015flanmadan \u00f6nce dan\u0131\u015fanlar BDT ekol\u00fc hakk\u0131nda bilgilendirilmeye ve e\u011fitilmeye ba\u015flan\u0131r. Bu s\u00fcrecin amac\u0131 dan\u0131\u015fan\u0131n BDT ekol\u00fcn\u00fc anlamas\u0131, seanslarda konu\u015fulan konular\u0131 \u00f6z\u00fcmseyebilmesi ve kullan\u0131lan tekniklere daha iyi adapte olabilmesini sa\u011flamakt\u0131r.<\/p>\n<\/div>\n<p>Yap\u0131lan bir \u00e7ok ara\u015ft\u0131rmada BDT ekol\u00fcn\u00fc seanslardan \u00f6nce vermenin, terapilerden al\u0131nan verimi artt\u0131rd\u0131\u011f\u0131 kan\u0131tlanm\u0131\u015ft\u0131r. Bu ihtiya\u00e7tan yola \u00e7\u0131karak Bili\u015fsel Davran\u0131\u015f\u00e7\u0131 ekol\u00fc en anla\u015f\u0131l\u0131r ve basit bi\u00e7imde anlatt\u0131\u011f\u0131m <strong>Psikoe\u011fitim<\/strong> \u015fablonunu olu\u015fturdum. Umar\u0131m siz veya yak\u0131nlar\u0131n\u0131za yard\u0131mc\u0131 olur.<\/p>\n<div id=\"output\" class=\"page-generator__output js-generator-output\">\n<h3><strong>\u0130\u00e7eri\u011fi Nedir?<\/strong><\/h3>\n<ul>\n<li><strong>Bili\u015fsel Model<\/strong>\n<ul>\n<li>D\u00fc\u015f\u00fcnceler<\/li>\n<li>Duygular<\/li>\n<li>Davran\u0131\u015flar<\/li>\n<\/ul>\n<p><strong>Temel \u0130nan\u00e7lar<\/strong><\/p>\n<p><strong><a href=\"https:\/\/medium.com\/@ekintuncay\/10-d%C3%BC%C5%9F%C3%BCnce-hatas%C4%B1-nedir-39ccc557517\">Bili\u015fsel \u00c7arp\u0131tmalar<\/a><\/strong><\/li>\n<\/ul>\n<h2>SSS<\/h2>\n<h3><strong>Notion Nedir?<\/strong><\/h3>\n<p>Notion, bir organizasyon ve not alma uygulamas\u0131d\u0131r. Kullan\u0131c\u0131lar, metin, liste, tablolar, hat\u0131rlat\u0131c\u0131lar ve dosyalar gibi farkl\u0131 i\u00e7erik t\u00fcrleri olu\u015fturabilir ve bu i\u00e7erikleri bir araya getirerek projelerini, notlar\u0131n\u0131, takvimlerini veya di\u011fer bilgilerini organize edebilirler.<\/p>\n<p>Notion, web ve mobil uygulamalar\u0131 ile kullan\u0131labilir ve verilerinizi senkronize edebilirsiniz. Notion, kullan\u0131c\u0131lar\u0131n \u00e7al\u0131\u015fmalar\u0131n\u0131 daha etkili hale getirmelerine ve bilgilerini daha iyi organize etmelerine olanak tan\u0131r.<\/p>\n<h3><strong>Notion \u015fablonu nedir?<\/strong><\/h3>\n<p>Notion \u015fablonlar\u0131, Notion platformu \u00fczerinde kullan\u0131c\u0131lar taraf\u0131ndan olu\u015fturulan ve payla\u015f\u0131lan \u00f6nceden tan\u0131mlanm\u0131\u015f belge tasar\u0131mlar\u0131d\u0131r. Bu \u015fablonlar, Notion&#8217;un bir\u00e7ok farkl\u0131 \u00f6zelli\u011fini bir araya getirerek, belirli bir ama\u00e7 i\u00e7in kullan\u0131ma uygun hale getirilir.<\/p>\n<h3><strong>\u015eablonu nas\u0131l alaca\u011f\u0131m?<\/strong><\/h3>\n<p>Sat\u0131n al\u0131m i\u015flemi onayland\u0131ktan sonra uygulama linkini i\u00e7eren bir dosyaya y\u00f6nlendirileceksiniz. Oradaki linke t\u0131klayarak uygulamaya eri\u015febileceksiniz.<\/p>\n<h3><strong>Notion uygulamas\u0131na para \u00f6d\u00fcyor muyum?<\/strong><\/h3>\n<p>Notion uygulamas\u0131n\u0131 \u00fccretsiz olarak kullanabilirsiniz. Dilerseniz daha fazla \u00f6zelli\u011fe sahip olmak i\u00e7in \u00fccretli \u00fcyelik paketlerini se\u00e7ebilirsiniz.<\/p>\n<h3><strong>Daha fazla sorum var.<\/strong><\/h3>\n<p>Bana site \u00fczerinde bulunan ileti\u015fim butonlar\u0131 \u00fczerinden ula\u015fabilirsiniz.<\/p>\n<p>&nbsp;<\/p>\n<\/div>\n","protected":false},"excerpt":{"rendered":"<p><strong>Psikoe\u011fitim,\u00a0<\/strong>Bili\u015fsel Davran\u0131\u015f\u00e7\u0131 Terapi&#8217;nin vazge\u00e7ilmez bir par\u00e7as\u0131d\u0131r. Terapilere ba\u015flanmadan \u00f6nce dan\u0131\u015fanlar BDT ekol\u00fc hakk\u0131nda bilgilendirilmeye ve e\u011fitilmeye ba\u015flan\u0131r. Bu s\u00fcrecin amac\u0131 dan\u0131\u015fan\u0131n BDT ekol\u00fcn\u00fc anlamas\u0131, seanslarda konu\u015fulan konular\u0131 \u00f6z\u00fcmseyebilmesi ve kullan\u0131lan tekniklere daha iyi adapte olabilmesini sa\u011flamakt\u0131r.<\/p>\n","protected":false},"featured_media":1358,"comment_status":"open","ping_status":"closed","template":"","meta":[],"product_brand":[],"product_cat":[39,38],"product_tag":[44,45,43,46],"class_list":{"0":"post-1356","1":"product","2":"type-product","3":"status-publish","4":"has-post-thumbnail","6":"product_cat-bilissel-davranisci-terapi","7":"product_cat-notion","8":"product_tag-bilissel-davranisci-terapi-ekolu","9":"product_tag-danisan","10":"product_tag-psikoegitim","11":"product_tag-terapist","13":"first","14":"instock","15":"sale","16":"downloadable","17":"virtual","18":"taxable","19":"purchasable","20":"product-type-simple"},"yoast_head":"<!-- This site is optimized with the Yoast SEO plugin v27.5 - https:\/\/yoast.com\/product\/yoast-seo-wordpress\/ -->\n<title>Psikoe\u011fitim \u015eablonu - Psikoloji 101<\/title>\n<meta name=\"robots\" content=\"index, follow, max-snippet:-1, max-image-preview:large, max-video-preview:-1\" \/>\n<link rel=\"canonical\" href=\"https:\/\/ardaekintuncay.com\/psikoloji101\/urun\/psikoegitim\/\" \/>\n<meta property=\"og:locale\" content=\"tr_TR\" \/>\n<meta property=\"og:type\" content=\"article\" \/>\n<meta property=\"og:title\" content=\"Psikoe\u011fitim \u015eablonu - Psikoloji 101\" \/>\n<meta property=\"og:description\" content=\"Psikoe\u011fitim,\u00a0Bili\u015fsel Davran\u0131\u015f\u00e7\u0131 Terapi&#039;nin vazge\u00e7ilmez bir par\u00e7as\u0131d\u0131r. Terapilere ba\u015flanmadan \u00f6nce dan\u0131\u015fanlar BDT ekol\u00fc hakk\u0131nda bilgilendirilmeye ve e\u011fitilmeye ba\u015flan\u0131r. Bu s\u00fcrecin amac\u0131 dan\u0131\u015fan\u0131n BDT ekol\u00fcn\u00fc anlamas\u0131, seanslarda konu\u015fulan konular\u0131 \u00f6z\u00fcmseyebilmesi ve kullan\u0131lan tekniklere daha iyi adapte olabilmesini sa\u011flamakt\u0131r.\" \/>\n<meta property=\"og:url\" content=\"https:\/\/ardaekintuncay.com\/psikoloji101\/urun\/psikoegitim\/\" \/>\n<meta property=\"og:site_name\" content=\"Psikoloji 101\" \/>\n<meta property=\"article:publisher\" content=\"https:\/\/www.facebook.com\/ardaekintuncay\" \/>\n<meta property=\"article:modified_time\" content=\"2024-01-19T10:56:47+00:00\" \/>\n<meta property=\"og:image\" content=\"https:\/\/ardaekintuncay.com\/psikoloji101\/wp-content\/uploads\/2024\/01\/Psikoegitim.png\" \/>\n\t<meta property=\"og:image:width\" content=\"1080\" \/>\n\t<meta property=\"og:image:height\" content=\"1080\" \/>\n\t<meta property=\"og:image:type\" content=\"image\/png\" \/>\n<meta name=\"twitter:card\" content=\"summary_large_image\" \/>\n<meta name=\"twitter:site\" content=\"@mraekot\" \/>\n<meta name=\"twitter:label1\" content=\"Tahmini okuma s\u00fcresi\" \/>\n\t<meta name=\"twitter:data1\" content=\"2 dakika\" \/>\n<script type=\"application\/ld+json\" class=\"yoast-schema-graph\">{\"@context\":\"https:\\\/\\\/schema.org\",\"@graph\":[{\"@type\":\"WebPage\",\"@id\":\"https:\\\/\\\/ardaekintuncay.com\\\/psikoloji101\\\/urun\\\/psikoegitim\\\/\",\"url\":\"https:\\\/\\\/ardaekintuncay.com\\\/psikoloji101\\\/urun\\\/psikoegitim\\\/\",\"name\":\"Psikoe\u011fitim \u015eablonu - Psikoloji 101\",\"isPartOf\":{\"@id\":\"https:\\\/\\\/ardaekintuncay.com\\\/psikoloji101\\\/#website\"},\"primaryImageOfPage\":{\"@id\":\"https:\\\/\\\/ardaekintuncay.com\\\/psikoloji101\\\/urun\\\/psikoegitim\\\/#primaryimage\"},\"image\":{\"@id\":\"https:\\\/\\\/ardaekintuncay.com\\\/psikoloji101\\\/urun\\\/psikoegitim\\\/#primaryimage\"},\"thumbnailUrl\":\"https:\\\/\\\/ardaekintuncay.com\\\/psikoloji101\\\/wp-content\\\/uploads\\\/2024\\\/01\\\/Psikoegitim.png\",\"datePublished\":\"2024-01-04T13:46:51+00:00\",\"dateModified\":\"2024-01-19T10:56:47+00:00\",\"breadcrumb\":{\"@id\":\"https:\\\/\\\/ardaekintuncay.com\\\/psikoloji101\\\/urun\\\/psikoegitim\\\/#breadcrumb\"},\"inLanguage\":\"tr\",\"potentialAction\":[{\"@type\":\"ReadAction\",\"target\":[\"https:\\\/\\\/ardaekintuncay.com\\\/psikoloji101\\\/urun\\\/psikoegitim\\\/\"]}]},{\"@type\":\"ImageObject\",\"inLanguage\":\"tr\",\"@id\":\"https:\\\/\\\/ardaekintuncay.com\\\/psikoloji101\\\/urun\\\/psikoegitim\\\/#primaryimage\",\"url\":\"https:\\\/\\\/ardaekintuncay.com\\\/psikoloji101\\\/wp-content\\\/uploads\\\/2024\\\/01\\\/Psikoegitim.png\",\"contentUrl\":\"https:\\\/\\\/ardaekintuncay.com\\\/psikoloji101\\\/wp-content\\\/uploads\\\/2024\\\/01\\\/Psikoegitim.png\",\"width\":1080,\"height\":1080},{\"@type\":\"BreadcrumbList\",\"@id\":\"https:\\\/\\\/ardaekintuncay.com\\\/psikoloji101\\\/urun\\\/psikoegitim\\\/#breadcrumb\",\"itemListElement\":[{\"@type\":\"ListItem\",\"position\":1,\"name\":\"Anasayfa\",\"item\":\"https:\\\/\\\/ardaekintuncay.com\\\/psikoloji101\\\/\"},{\"@type\":\"ListItem\",\"position\":2,\"name\":\"\u00dcr\u00fcnler\",\"item\":\"https:\\\/\\\/ardaekintuncay.com\\\/psikoloji101\\\/urunler\\\/\"},{\"@type\":\"ListItem\",\"position\":3,\"name\":\"Psikoe\u011fitim \u015eablonu\"}]},{\"@type\":\"WebSite\",\"@id\":\"https:\\\/\\\/ardaekintuncay.com\\\/psikoloji101\\\/#website\",\"url\":\"https:\\\/\\\/ardaekintuncay.com\\\/psikoloji101\\\/\",\"name\":\"Psikoloji 101\",\"description\":\"\",\"publisher\":{\"@id\":\"https:\\\/\\\/ardaekintuncay.com\\\/psikoloji101\\\/#\\\/schema\\\/person\\\/a1af6811e5144326a83f6f0ee60b5da6\"},\"potentialAction\":[{\"@type\":\"SearchAction\",\"target\":{\"@type\":\"EntryPoint\",\"urlTemplate\":\"https:\\\/\\\/ardaekintuncay.com\\\/psikoloji101\\\/?s={search_term_string}\"},\"query-input\":{\"@type\":\"PropertyValueSpecification\",\"valueRequired\":true,\"valueName\":\"search_term_string\"}}],\"inLanguage\":\"tr\"},{\"@type\":[\"Person\",\"Organization\"],\"@id\":\"https:\\\/\\\/ardaekintuncay.com\\\/psikoloji101\\\/#\\\/schema\\\/person\\\/a1af6811e5144326a83f6f0ee60b5da6\",\"name\":\"ardaekintuncay\",\"image\":{\"@type\":\"ImageObject\",\"inLanguage\":\"tr\",\"@id\":\"https:\\\/\\\/ardaekintuncay.com\\\/psikoloji101\\\/wp-content\\\/uploads\\\/2024\\\/01\\\/AET-Logo-M.png\",\"url\":\"https:\\\/\\\/ardaekintuncay.com\\\/psikoloji101\\\/wp-content\\\/uploads\\\/2024\\\/01\\\/AET-Logo-M.png\",\"contentUrl\":\"https:\\\/\\\/ardaekintuncay.com\\\/psikoloji101\\\/wp-content\\\/uploads\\\/2024\\\/01\\\/AET-Logo-M.png\",\"width\":1878,\"height\":642,\"caption\":\"ardaekintuncay\"},\"logo\":{\"@id\":\"https:\\\/\\\/ardaekintuncay.com\\\/psikoloji101\\\/wp-content\\\/uploads\\\/2024\\\/01\\\/AET-Logo-M.png\"},\"sameAs\":[\"https:\\\/\\\/ardaekintuncay.com\",\"https:\\\/\\\/www.facebook.com\\\/ardaekintuncay\",\"https:\\\/\\\/www.instagram.com\\\/ardaekintuncay\\\/\",\"https:\\\/\\\/www.linkedin.com\\\/in\\\/ardaekintuncay\\\/\",\"https:\\\/\\\/x.com\\\/https:\\\/\\\/twitter.com\\\/mraekot\",\"https:\\\/\\\/www.youtube.com\\\/@ardaekintuncay\"]}]}<\/script>\n<!-- \/ Yoast SEO plugin. -->","yoast_head_json":{"title":"Psikoe\u011fitim \u015eablonu - Psikoloji 101","robots":{"index":"index","follow":"follow","max-snippet":"max-snippet:-1","max-image-preview":"max-image-preview:large","max-video-preview":"max-video-preview:-1"},"canonical":"https:\/\/ardaekintuncay.com\/psikoloji101\/urun\/psikoegitim\/","og_locale":"tr_TR","og_type":"article","og_title":"Psikoe\u011fitim \u015eablonu - Psikoloji 101","og_description":"Psikoe\u011fitim,\u00a0Bili\u015fsel Davran\u0131\u015f\u00e7\u0131 Terapi'nin vazge\u00e7ilmez bir par\u00e7as\u0131d\u0131r. Terapilere ba\u015flanmadan \u00f6nce dan\u0131\u015fanlar BDT ekol\u00fc hakk\u0131nda bilgilendirilmeye ve e\u011fitilmeye ba\u015flan\u0131r. Bu s\u00fcrecin amac\u0131 dan\u0131\u015fan\u0131n BDT ekol\u00fcn\u00fc anlamas\u0131, seanslarda konu\u015fulan konular\u0131 \u00f6z\u00fcmseyebilmesi ve kullan\u0131lan tekniklere daha iyi adapte olabilmesini sa\u011flamakt\u0131r.","og_url":"https:\/\/ardaekintuncay.com\/psikoloji101\/urun\/psikoegitim\/","og_site_name":"Psikoloji 101","article_publisher":"https:\/\/www.facebook.com\/ardaekintuncay","article_modified_time":"2024-01-19T10:56:47+00:00","og_image":[{"width":1080,"height":1080,"url":"https:\/\/ardaekintuncay.com\/psikoloji101\/wp-content\/uploads\/2024\/01\/Psikoegitim.png","type":"image\/png"}],"twitter_card":"summary_large_image","twitter_site":"@mraekot","twitter_misc":{"Tahmini okuma s\u00fcresi":"2 dakika"},"schema":{"@context":"https:\/\/schema.org","@graph":[{"@type":"WebPage","@id":"https:\/\/ardaekintuncay.com\/psikoloji101\/urun\/psikoegitim\/","url":"https:\/\/ardaekintuncay.com\/psikoloji101\/urun\/psikoegitim\/","name":"Psikoe\u011fitim \u015eablonu - Psikoloji 101","isPartOf":{"@id":"https:\/\/ardaekintuncay.com\/psikoloji101\/#website"},"primaryImageOfPage":{"@id":"https:\/\/ardaekintuncay.com\/psikoloji101\/urun\/psikoegitim\/#primaryimage"},"image":{"@id":"https:\/\/ardaekintuncay.com\/psikoloji101\/urun\/psikoegitim\/#primaryimage"},"thumbnailUrl":"https:\/\/ardaekintuncay.com\/psikoloji101\/wp-content\/uploads\/2024\/01\/Psikoegitim.png","datePublished":"2024-01-04T13:46:51+00:00","dateModified":"2024-01-19T10:56:47+00:00","breadcrumb":{"@id":"https:\/\/ardaekintuncay.com\/psikoloji101\/urun\/psikoegitim\/#breadcrumb"},"inLanguage":"tr","potentialAction":[{"@type":"ReadAction","target":["https:\/\/ardaekintuncay.com\/psikoloji101\/urun\/psikoegitim\/"]}]},{"@type":"ImageObject","inLanguage":"tr","@id":"https:\/\/ardaekintuncay.com\/psikoloji101\/urun\/psikoegitim\/#primaryimage","url":"https:\/\/ardaekintuncay.com\/psikoloji101\/wp-content\/uploads\/2024\/01\/Psikoegitim.png","contentUrl":"https:\/\/ardaekintuncay.com\/psikoloji101\/wp-content\/uploads\/2024\/01\/Psikoegitim.png","width":1080,"height":1080},{"@type":"BreadcrumbList","@id":"https:\/\/ardaekintuncay.com\/psikoloji101\/urun\/psikoegitim\/#breadcrumb","itemListElement":[{"@type":"ListItem","position":1,"name":"Anasayfa","item":"https:\/\/ardaekintuncay.com\/psikoloji101\/"},{"@type":"ListItem","position":2,"name":"\u00dcr\u00fcnler","item":"https:\/\/ardaekintuncay.com\/psikoloji101\/urunler\/"},{"@type":"ListItem","position":3,"name":"Psikoe\u011fitim \u015eablonu"}]},{"@type":"WebSite","@id":"https:\/\/ardaekintuncay.com\/psikoloji101\/#website","url":"https:\/\/ardaekintuncay.com\/psikoloji101\/","name":"Psikoloji 101","description":"","publisher":{"@id":"https:\/\/ardaekintuncay.com\/psikoloji101\/#\/schema\/person\/a1af6811e5144326a83f6f0ee60b5da6"},"potentialAction":[{"@type":"SearchAction","target":{"@type":"EntryPoint","urlTemplate":"https:\/\/ardaekintuncay.com\/psikoloji101\/?s={search_term_string}"},"query-input":{"@type":"PropertyValueSpecification","valueRequired":true,"valueName":"search_term_string"}}],"inLanguage":"tr"},{"@type":["Person","Organization"],"@id":"https:\/\/ardaekintuncay.com\/psikoloji101\/#\/schema\/person\/a1af6811e5144326a83f6f0ee60b5da6","name":"ardaekintuncay","image":{"@type":"ImageObject","inLanguage":"tr","@id":"https:\/\/ardaekintuncay.com\/psikoloji101\/wp-content\/uploads\/2024\/01\/AET-Logo-M.png","url":"https:\/\/ardaekintuncay.com\/psikoloji101\/wp-content\/uploads\/2024\/01\/AET-Logo-M.png","contentUrl":"https:\/\/ardaekintuncay.com\/psikoloji101\/wp-content\/uploads\/2024\/01\/AET-Logo-M.png","width":1878,"height":642,"caption":"ardaekintuncay"},"logo":{"@id":"https:\/\/ardaekintuncay.com\/psikoloji101\/wp-content\/uploads\/2024\/01\/AET-Logo-M.png"},"sameAs":["https:\/\/ardaekintuncay.com","https:\/\/www.facebook.com\/ardaekintuncay","https:\/\/www.instagram.com\/ardaekintuncay\/","https:\/\/www.linkedin.com\/in\/ardaekintuncay\/","https:\/\/x.com\/https:\/\/twitter.com\/mraekot","https:\/\/www.youtube.com\/@ardaekintuncay"]}]}},"_links":{"self":[{"href":"https:\/\/ardaekintuncay.com\/psikoloji101\/wp-json\/wp\/v2\/product\/1356","targetHints":{"allow":["GET"]}}],"collection":[{"href":"https:\/\/ardaekintuncay.com\/psikoloji101\/wp-json\/wp\/v2\/product"}],"about":[{"href":"https:\/\/ardaekintuncay.com\/psikoloji101\/wp-json\/wp\/v2\/types\/product"}],"replies":[{"embeddable":true,"href":"https:\/\/ardaekintuncay.com\/psikoloji101\/wp-json\/wp\/v2\/comments?post=1356"}],"version-history":[{"count":3,"href":"https:\/\/ardaekintuncay.com\/psikoloji101\/wp-json\/wp\/v2\/product\/1356\/revisions"}],"predecessor-version":[{"id":1489,"href":"https:\/\/ardaekintuncay.com\/psikoloji101\/wp-json\/wp\/v2\/product\/1356\/revisions\/1489"}],"wp:featuredmedia":[{"embeddable":true,"href":"https:\/\/ardaekintuncay.com\/psikoloji101\/wp-json\/wp\/v2\/media\/1358"}],"wp:attachment":[{"href":"https:\/\/ardaekintuncay.com\/psikoloji101\/wp-json\/wp\/v2\/media?parent=1356"}],"wp:term":[{"taxonomy":"product_brand","embeddable":true,"href":"https:\/\/ardaekintuncay.com\/psikoloji101\/wp-json\/wp\/v2\/product_brand?post=1356"},{"taxonomy":"product_cat","embeddable":true,"href":"https:\/\/ardaekintuncay.com\/psikoloji101\/wp-json\/wp\/v2\/product_cat?post=1356"},{"taxonomy":"product_tag","embeddable":true,"href":"https:\/\/ardaekintuncay.com\/psikoloji101\/wp-json\/wp\/v2\/product_tag?post=1356"}],"curies":[{"name":"wp","href":"https:\/\/api.w.org\/{rel}","templated":true}]}}