{"id":487,"date":"2022-01-14T17:28:29","date_gmt":"2022-01-14T17:28:29","guid":{"rendered":"https:\/\/demo.creativethemes.com\/blocksy\/floreo\/?post_type=product&#038;p=487"},"modified":"2024-01-19T13:58:06","modified_gmt":"2024-01-19T10:58:06","slug":"terapi-gunlugum","status":"publish","type":"product","link":"https:\/\/ardaekintuncay.com\/psikoloji101\/urun\/terapi-gunlugum\/","title":{"rendered":"Terapi G\u00fcnl\u00fc\u011f\u00fcm | Bili\u015fsel Davran\u0131\u015f\u00e7\u0131 Terapi"},"content":{"rendered":"<div id=\"output\" class=\"page-generator__output js-generator-output\">\n<h2 data-pm-slice=\"1 1 []\"><strong>Terapi G\u00fcnl\u00fc\u011f\u00fcm Nedir?<\/strong><\/h2>\n<p>Terapi G\u00fcnl\u00fc\u011f\u00fcm, Notion uygulamas\u0131na \u00f6zel tasarlanm\u0131\u015f, t\u00fcm notlar\u0131n\u0131z\u0131, seans uygulamalar\u0131n\u0131z\u0131 ve takvimlerinizi tek bir yerde toplamay\u0131 hedeflemektedir. Bu sayede notlar\u0131n\u0131z\u0131 aramak zorunda kalmazs\u0131n\u0131z ve her zaman elinizin alt\u0131nda olurlar. Seanslar s\u0131ras\u0131nda dan\u0131\u015fanlar\u0131n \u00f6nemli g\u00f6rd\u00fckleri konular\u0131 ve fark\u0131ndal\u0131k kazand\u0131klar\u0131 alanlar\u0131 not etmeleri \u00f6nemlidir. Ne yaz\u0131k ki bu notlar genellikle kaybolabilir veya dan\u0131\u015fanlar geri d\u00f6n\u00fcp bakamayabilirler. Bu terapi g\u00fcnl\u00fc\u011f\u00fc uygulamas\u0131 ile seanslar\u0131n verimini art\u0131rabilir ve aylar sonra bile geri d\u00f6n\u00fcp bakabilece\u011finiz bir defter olu\u015fturabilirsiniz.<\/p>\n<h3><strong>\u0130\u00e7eri\u011fi Nedir?<\/strong><\/h3>\n<ul>\n<li><strong>Seans Defteri :<\/strong> Her seanstan sonra notlar\u0131n\u0131z\u0131 alabilece\u011finiz \u00f6zel haz\u0131rlanm\u0131\u015f alanlar.<\/li>\n<li><strong>Seans Takvimi : <\/strong>Seans notlar\u0131n\u0131z otomatik olarak takvimde senkronize olur ve aylar i\u00e7erisinde seanslarda ne kadar ilerlemi\u015f oldu\u011funuzu g\u00f6rebilirsiniz.<\/li>\n<li><strong>BDT Uygulamalar\u0131 :<\/strong> Bili\u015fsel Davran\u0131\u015f\u00e7\u0131 Terapi uygulamalar\u0131n\u0131z\u0131 Notion not uygulamas\u0131 ile d\u00fczenli takip edebilirsiniz. Dilerseniz terapistiniz ile payla\u015fabilir seans \u00f6ncesinde geri bildirim alabilirsiniz.<\/li>\n<\/ul>\n<p>&nbsp;<\/p>\n<h2><strong>SSS<\/strong><\/h2>\n<h3><strong>Notion Nedir?<\/strong><\/h3>\n<p>Notion, bir organizasyon ve not alma uygulamas\u0131d\u0131r. Kullan\u0131c\u0131lar, metin, liste, tablolar, hat\u0131rlat\u0131c\u0131lar ve dosyalar gibi farkl\u0131 i\u00e7erik t\u00fcrleri olu\u015fturabilir ve bu i\u00e7erikleri bir araya getirerek projelerini, notlar\u0131n\u0131, takvimlerini veya di\u011fer bilgilerini organize edebilirler.<\/p>\n<p>Notion, web ve mobil uygulamalar\u0131 ile kullan\u0131labilir ve verilerinizi senkronize edebilirsiniz. Notion, kullan\u0131c\u0131lar\u0131n \u00e7al\u0131\u015fmalar\u0131n\u0131 daha etkili hale getirmelerine ve bilgilerini daha iyi organize etmelerine olanak tan\u0131r.<\/p>\n<h3><strong>Notion \u015fablonu nedir?<\/strong><\/h3>\n<p>Notion \u015fablonlar\u0131, Notion platformu \u00fczerinde kullan\u0131c\u0131lar taraf\u0131ndan olu\u015fturulan ve payla\u015f\u0131lan \u00f6nceden tan\u0131mlanm\u0131\u015f belge tasar\u0131mlar\u0131d\u0131r. Bu \u015fablonlar, Notion&#8217;un bir\u00e7ok farkl\u0131 \u00f6zelli\u011fini bir araya getirerek, belirli bir ama\u00e7 i\u00e7in kullan\u0131ma uygun hale getirilir.<\/p>\n<h3><strong>\u015eablonu nas\u0131l alaca\u011f\u0131m?<\/strong><\/h3>\n<p>Sat\u0131n al\u0131m i\u015flemi onayland\u0131ktan sonra uygulama linkini i\u00e7eren bir dosyaya y\u00f6nlendirileceksiniz. Oradaki linke t\u0131klayarak uygulamaya eri\u015febileceksiniz.<\/p>\n<h3><strong>Notion uygulamas\u0131na para \u00f6d\u00fcyor muyum?<\/strong><\/h3>\n<p>Notion uygulamas\u0131n\u0131 \u00fccretsiz olarak kullanabilirsiniz. Dilerseniz daha fazla \u00f6zelli\u011fe sahip olmak i\u00e7in \u00fccretli \u00fcyelik paketlerini se\u00e7ebilirsiniz.<\/p>\n<h3><strong>Daha fazla sorum var?<\/strong><\/h3>\n<p>Site \u00fczerinden benimle ileti\u015fime ge\u00e7ebilirsiniz.<\/p>\n<\/div>\n","protected":false},"excerpt":{"rendered":"<p>Terapi G\u00fcnl\u00fc\u011f\u00fcm, Notion uygulamas\u0131na \u00f6zel tasarlanm\u0131\u015f, t\u00fcm notlar\u0131n\u0131z\u0131, seans uygulamalar\u0131n\u0131z\u0131 ve takvimlerinizi tek bir yerde toplamay\u0131 hedeflemektedir.<\/p>\n<p>Bu sayede notlar\u0131n\u0131z\u0131 aramak zorunda kalmazs\u0131n\u0131z ve her zaman elinizin alt\u0131nda olurlar. Seanslar s\u0131ras\u0131nda dan\u0131\u015fanlar\u0131n \u00f6nemli g\u00f6rd\u00fckleri konular\u0131 ve fark\u0131ndal\u0131k kazand\u0131klar\u0131 alanlar\u0131 not etmeleri \u00f6nemlidir.<\/p>\n<p>Ne yaz\u0131k ki bu notlar genellikle kaybolabilir veya dan\u0131\u015fanlar geri d\u00f6n\u00fcp bakamayabilirler.<\/p>\n<p>Bu terapi g\u00fcnl\u00fc\u011f\u00fc uygulamas\u0131 ile seanslar\u0131n verimini art\u0131rabilir ve aylar sonra bile geri d\u00f6n\u00fcp bakabilece\u011finiz bir defter olu\u015fturabilirsiniz.<\/p>\n","protected":false},"featured_media":1341,"comment_status":"open","ping_status":"closed","template":"","meta":[],"product_brand":[],"product_cat":[39,38],"product_tag":[],"class_list":{"0":"post-487","1":"product","2":"type-product","3":"status-publish","4":"has-post-thumbnail","6":"product_cat-bilissel-davranisci-terapi","7":"product_cat-notion","9":"first","10":"instock","11":"sale","12":"downloadable","13":"virtual","14":"taxable","15":"purchasable","16":"product-type-simple"},"yoast_head":"<!-- This site is optimized with the Yoast SEO plugin v27.5 - https:\/\/yoast.com\/product\/yoast-seo-wordpress\/ -->\n<title>Terapi G\u00fcnl\u00fc\u011f\u00fcm | Bili\u015fsel Davran\u0131\u015f\u00e7\u0131 Terapi - Psikoloji 101<\/title>\n<meta name=\"description\" content=\"Terapi G\u00fcnl\u00fc\u011f\u00fcm, Notion uygulamas\u0131na \u00f6zel tasarlanm\u0131\u015f, t\u00fcm notlar\u0131n\u0131z\u0131, seans uygulamalar\u0131n\u0131z\u0131 ve takvimlerinizi tek bir yerde toplamay\u0131 hedeflemektedir.\" \/>\n<meta name=\"robots\" content=\"index, follow, max-snippet:-1, max-image-preview:large, max-video-preview:-1\" \/>\n<link rel=\"canonical\" href=\"https:\/\/ardaekintuncay.com\/psikoloji101\/urun\/terapi-gunlugum\/\" \/>\n<meta property=\"og:locale\" content=\"tr_TR\" \/>\n<meta property=\"og:type\" content=\"article\" \/>\n<meta property=\"og:title\" content=\"Terapi G\u00fcnl\u00fc\u011f\u00fcm | Bili\u015fsel Davran\u0131\u015f\u00e7\u0131 Terapi - Psikoloji 101\" \/>\n<meta property=\"og:description\" content=\"Terapi G\u00fcnl\u00fc\u011f\u00fcm, Notion uygulamas\u0131na \u00f6zel tasarlanm\u0131\u015f, t\u00fcm notlar\u0131n\u0131z\u0131, seans uygulamalar\u0131n\u0131z\u0131 ve takvimlerinizi tek bir yerde toplamay\u0131 hedeflemektedir.\" \/>\n<meta property=\"og:url\" content=\"https:\/\/ardaekintuncay.com\/psikoloji101\/urun\/terapi-gunlugum\/\" \/>\n<meta property=\"og:site_name\" content=\"Psikoloji 101\" \/>\n<meta property=\"article:publisher\" content=\"https:\/\/www.facebook.com\/ardaekintuncay\" \/>\n<meta property=\"article:modified_time\" content=\"2024-01-19T10:58:06+00:00\" \/>\n<meta property=\"og:image\" content=\"https:\/\/ardaekintuncay.com\/psikoloji101\/wp-content\/uploads\/2022\/01\/Terapi-Gunlugum.png\" \/>\n\t<meta property=\"og:image:width\" content=\"1080\" \/>\n\t<meta property=\"og:image:height\" content=\"1080\" \/>\n\t<meta property=\"og:image:type\" content=\"image\/png\" \/>\n<meta name=\"twitter:card\" content=\"summary_large_image\" \/>\n<meta name=\"twitter:site\" content=\"@mraekot\" \/>\n<meta name=\"twitter:label1\" content=\"Tahmini okuma s\u00fcresi\" \/>\n\t<meta name=\"twitter:data1\" content=\"2 dakika\" \/>\n<script type=\"application\/ld+json\" class=\"yoast-schema-graph\">{\"@context\":\"https:\\\/\\\/schema.org\",\"@graph\":[{\"@type\":\"WebPage\",\"@id\":\"https:\\\/\\\/ardaekintuncay.com\\\/psikoloji101\\\/urun\\\/terapi-gunlugum\\\/\",\"url\":\"https:\\\/\\\/ardaekintuncay.com\\\/psikoloji101\\\/urun\\\/terapi-gunlugum\\\/\",\"name\":\"Terapi G\u00fcnl\u00fc\u011f\u00fcm | Bili\u015fsel Davran\u0131\u015f\u00e7\u0131 Terapi - Psikoloji 101\",\"isPartOf\":{\"@id\":\"https:\\\/\\\/ardaekintuncay.com\\\/psikoloji101\\\/#website\"},\"primaryImageOfPage\":{\"@id\":\"https:\\\/\\\/ardaekintuncay.com\\\/psikoloji101\\\/urun\\\/terapi-gunlugum\\\/#primaryimage\"},\"image\":{\"@id\":\"https:\\\/\\\/ardaekintuncay.com\\\/psikoloji101\\\/urun\\\/terapi-gunlugum\\\/#primaryimage\"},\"thumbnailUrl\":\"https:\\\/\\\/ardaekintuncay.com\\\/psikoloji101\\\/wp-content\\\/uploads\\\/2022\\\/01\\\/Terapi-Gunlugum.png\",\"datePublished\":\"2022-01-14T17:28:29+00:00\",\"dateModified\":\"2024-01-19T10:58:06+00:00\",\"description\":\"Terapi G\u00fcnl\u00fc\u011f\u00fcm, Notion uygulamas\u0131na \u00f6zel tasarlanm\u0131\u015f, t\u00fcm notlar\u0131n\u0131z\u0131, seans uygulamalar\u0131n\u0131z\u0131 ve takvimlerinizi tek bir yerde toplamay\u0131 hedeflemektedir.\",\"breadcrumb\":{\"@id\":\"https:\\\/\\\/ardaekintuncay.com\\\/psikoloji101\\\/urun\\\/terapi-gunlugum\\\/#breadcrumb\"},\"inLanguage\":\"tr\",\"potentialAction\":[{\"@type\":\"ReadAction\",\"target\":[\"https:\\\/\\\/ardaekintuncay.com\\\/psikoloji101\\\/urun\\\/terapi-gunlugum\\\/\"]}]},{\"@type\":\"ImageObject\",\"inLanguage\":\"tr\",\"@id\":\"https:\\\/\\\/ardaekintuncay.com\\\/psikoloji101\\\/urun\\\/terapi-gunlugum\\\/#primaryimage\",\"url\":\"https:\\\/\\\/ardaekintuncay.com\\\/psikoloji101\\\/wp-content\\\/uploads\\\/2022\\\/01\\\/Terapi-Gunlugum.png\",\"contentUrl\":\"https:\\\/\\\/ardaekintuncay.com\\\/psikoloji101\\\/wp-content\\\/uploads\\\/2022\\\/01\\\/Terapi-Gunlugum.png\",\"width\":1080,\"height\":1080},{\"@type\":\"BreadcrumbList\",\"@id\":\"https:\\\/\\\/ardaekintuncay.com\\\/psikoloji101\\\/urun\\\/terapi-gunlugum\\\/#breadcrumb\",\"itemListElement\":[{\"@type\":\"ListItem\",\"position\":1,\"name\":\"Anasayfa\",\"item\":\"https:\\\/\\\/ardaekintuncay.com\\\/psikoloji101\\\/\"},{\"@type\":\"ListItem\",\"position\":2,\"name\":\"\u00dcr\u00fcnler\",\"item\":\"https:\\\/\\\/ardaekintuncay.com\\\/psikoloji101\\\/urunler\\\/\"},{\"@type\":\"ListItem\",\"position\":3,\"name\":\"Terapi G\u00fcnl\u00fc\u011f\u00fcm | Bili\u015fsel Davran\u0131\u015f\u00e7\u0131 Terapi\"}]},{\"@type\":\"WebSite\",\"@id\":\"https:\\\/\\\/ardaekintuncay.com\\\/psikoloji101\\\/#website\",\"url\":\"https:\\\/\\\/ardaekintuncay.com\\\/psikoloji101\\\/\",\"name\":\"Psikoloji 101\",\"description\":\"\",\"publisher\":{\"@id\":\"https:\\\/\\\/ardaekintuncay.com\\\/psikoloji101\\\/#\\\/schema\\\/person\\\/a1af6811e5144326a83f6f0ee60b5da6\"},\"potentialAction\":[{\"@type\":\"SearchAction\",\"target\":{\"@type\":\"EntryPoint\",\"urlTemplate\":\"https:\\\/\\\/ardaekintuncay.com\\\/psikoloji101\\\/?s={search_term_string}\"},\"query-input\":{\"@type\":\"PropertyValueSpecification\",\"valueRequired\":true,\"valueName\":\"search_term_string\"}}],\"inLanguage\":\"tr\"},{\"@type\":[\"Person\",\"Organization\"],\"@id\":\"https:\\\/\\\/ardaekintuncay.com\\\/psikoloji101\\\/#\\\/schema\\\/person\\\/a1af6811e5144326a83f6f0ee60b5da6\",\"name\":\"ardaekintuncay\",\"image\":{\"@type\":\"ImageObject\",\"inLanguage\":\"tr\",\"@id\":\"https:\\\/\\\/ardaekintuncay.com\\\/psikoloji101\\\/wp-content\\\/uploads\\\/2024\\\/01\\\/AET-Logo-M.png\",\"url\":\"https:\\\/\\\/ardaekintuncay.com\\\/psikoloji101\\\/wp-content\\\/uploads\\\/2024\\\/01\\\/AET-Logo-M.png\",\"contentUrl\":\"https:\\\/\\\/ardaekintuncay.com\\\/psikoloji101\\\/wp-content\\\/uploads\\\/2024\\\/01\\\/AET-Logo-M.png\",\"width\":1878,\"height\":642,\"caption\":\"ardaekintuncay\"},\"logo\":{\"@id\":\"https:\\\/\\\/ardaekintuncay.com\\\/psikoloji101\\\/wp-content\\\/uploads\\\/2024\\\/01\\\/AET-Logo-M.png\"},\"sameAs\":[\"https:\\\/\\\/ardaekintuncay.com\",\"https:\\\/\\\/www.facebook.com\\\/ardaekintuncay\",\"https:\\\/\\\/www.instagram.com\\\/ardaekintuncay\\\/\",\"https:\\\/\\\/www.linkedin.com\\\/in\\\/ardaekintuncay\\\/\",\"https:\\\/\\\/x.com\\\/https:\\\/\\\/twitter.com\\\/mraekot\",\"https:\\\/\\\/www.youtube.com\\\/@ardaekintuncay\"]}]}<\/script>\n<!-- \/ Yoast SEO plugin. -->","yoast_head_json":{"title":"Terapi G\u00fcnl\u00fc\u011f\u00fcm | Bili\u015fsel Davran\u0131\u015f\u00e7\u0131 Terapi - Psikoloji 101","description":"Terapi G\u00fcnl\u00fc\u011f\u00fcm, Notion uygulamas\u0131na \u00f6zel tasarlanm\u0131\u015f, t\u00fcm notlar\u0131n\u0131z\u0131, seans uygulamalar\u0131n\u0131z\u0131 ve takvimlerinizi tek bir yerde toplamay\u0131 hedeflemektedir.","robots":{"index":"index","follow":"follow","max-snippet":"max-snippet:-1","max-image-preview":"max-image-preview:large","max-video-preview":"max-video-preview:-1"},"canonical":"https:\/\/ardaekintuncay.com\/psikoloji101\/urun\/terapi-gunlugum\/","og_locale":"tr_TR","og_type":"article","og_title":"Terapi G\u00fcnl\u00fc\u011f\u00fcm | Bili\u015fsel Davran\u0131\u015f\u00e7\u0131 Terapi - Psikoloji 101","og_description":"Terapi G\u00fcnl\u00fc\u011f\u00fcm, Notion uygulamas\u0131na \u00f6zel tasarlanm\u0131\u015f, t\u00fcm notlar\u0131n\u0131z\u0131, seans uygulamalar\u0131n\u0131z\u0131 ve takvimlerinizi tek bir yerde toplamay\u0131 hedeflemektedir.","og_url":"https:\/\/ardaekintuncay.com\/psikoloji101\/urun\/terapi-gunlugum\/","og_site_name":"Psikoloji 101","article_publisher":"https:\/\/www.facebook.com\/ardaekintuncay","article_modified_time":"2024-01-19T10:58:06+00:00","og_image":[{"width":1080,"height":1080,"url":"https:\/\/ardaekintuncay.com\/psikoloji101\/wp-content\/uploads\/2022\/01\/Terapi-Gunlugum.png","type":"image\/png"}],"twitter_card":"summary_large_image","twitter_site":"@mraekot","twitter_misc":{"Tahmini okuma s\u00fcresi":"2 dakika"},"schema":{"@context":"https:\/\/schema.org","@graph":[{"@type":"WebPage","@id":"https:\/\/ardaekintuncay.com\/psikoloji101\/urun\/terapi-gunlugum\/","url":"https:\/\/ardaekintuncay.com\/psikoloji101\/urun\/terapi-gunlugum\/","name":"Terapi G\u00fcnl\u00fc\u011f\u00fcm | Bili\u015fsel Davran\u0131\u015f\u00e7\u0131 Terapi - Psikoloji 101","isPartOf":{"@id":"https:\/\/ardaekintuncay.com\/psikoloji101\/#website"},"primaryImageOfPage":{"@id":"https:\/\/ardaekintuncay.com\/psikoloji101\/urun\/terapi-gunlugum\/#primaryimage"},"image":{"@id":"https:\/\/ardaekintuncay.com\/psikoloji101\/urun\/terapi-gunlugum\/#primaryimage"},"thumbnailUrl":"https:\/\/ardaekintuncay.com\/psikoloji101\/wp-content\/uploads\/2022\/01\/Terapi-Gunlugum.png","datePublished":"2022-01-14T17:28:29+00:00","dateModified":"2024-01-19T10:58:06+00:00","description":"Terapi G\u00fcnl\u00fc\u011f\u00fcm, Notion uygulamas\u0131na \u00f6zel tasarlanm\u0131\u015f, t\u00fcm notlar\u0131n\u0131z\u0131, seans uygulamalar\u0131n\u0131z\u0131 ve takvimlerinizi tek bir yerde toplamay\u0131 hedeflemektedir.","breadcrumb":{"@id":"https:\/\/ardaekintuncay.com\/psikoloji101\/urun\/terapi-gunlugum\/#breadcrumb"},"inLanguage":"tr","potentialAction":[{"@type":"ReadAction","target":["https:\/\/ardaekintuncay.com\/psikoloji101\/urun\/terapi-gunlugum\/"]}]},{"@type":"ImageObject","inLanguage":"tr","@id":"https:\/\/ardaekintuncay.com\/psikoloji101\/urun\/terapi-gunlugum\/#primaryimage","url":"https:\/\/ardaekintuncay.com\/psikoloji101\/wp-content\/uploads\/2022\/01\/Terapi-Gunlugum.png","contentUrl":"https:\/\/ardaekintuncay.com\/psikoloji101\/wp-content\/uploads\/2022\/01\/Terapi-Gunlugum.png","width":1080,"height":1080},{"@type":"BreadcrumbList","@id":"https:\/\/ardaekintuncay.com\/psikoloji101\/urun\/terapi-gunlugum\/#breadcrumb","itemListElement":[{"@type":"ListItem","position":1,"name":"Anasayfa","item":"https:\/\/ardaekintuncay.com\/psikoloji101\/"},{"@type":"ListItem","position":2,"name":"\u00dcr\u00fcnler","item":"https:\/\/ardaekintuncay.com\/psikoloji101\/urunler\/"},{"@type":"ListItem","position":3,"name":"Terapi G\u00fcnl\u00fc\u011f\u00fcm | Bili\u015fsel Davran\u0131\u015f\u00e7\u0131 Terapi"}]},{"@type":"WebSite","@id":"https:\/\/ardaekintuncay.com\/psikoloji101\/#website","url":"https:\/\/ardaekintuncay.com\/psikoloji101\/","name":"Psikoloji 101","description":"","publisher":{"@id":"https:\/\/ardaekintuncay.com\/psikoloji101\/#\/schema\/person\/a1af6811e5144326a83f6f0ee60b5da6"},"potentialAction":[{"@type":"SearchAction","target":{"@type":"EntryPoint","urlTemplate":"https:\/\/ardaekintuncay.com\/psikoloji101\/?s={search_term_string}"},"query-input":{"@type":"PropertyValueSpecification","valueRequired":true,"valueName":"search_term_string"}}],"inLanguage":"tr"},{"@type":["Person","Organization"],"@id":"https:\/\/ardaekintuncay.com\/psikoloji101\/#\/schema\/person\/a1af6811e5144326a83f6f0ee60b5da6","name":"ardaekintuncay","image":{"@type":"ImageObject","inLanguage":"tr","@id":"https:\/\/ardaekintuncay.com\/psikoloji101\/wp-content\/uploads\/2024\/01\/AET-Logo-M.png","url":"https:\/\/ardaekintuncay.com\/psikoloji101\/wp-content\/uploads\/2024\/01\/AET-Logo-M.png","contentUrl":"https:\/\/ardaekintuncay.com\/psikoloji101\/wp-content\/uploads\/2024\/01\/AET-Logo-M.png","width":1878,"height":642,"caption":"ardaekintuncay"},"logo":{"@id":"https:\/\/ardaekintuncay.com\/psikoloji101\/wp-content\/uploads\/2024\/01\/AET-Logo-M.png"},"sameAs":["https:\/\/ardaekintuncay.com","https:\/\/www.facebook.com\/ardaekintuncay","https:\/\/www.instagram.com\/ardaekintuncay\/","https:\/\/www.linkedin.com\/in\/ardaekintuncay\/","https:\/\/x.com\/https:\/\/twitter.com\/mraekot","https:\/\/www.youtube.com\/@ardaekintuncay"]}]}},"_links":{"self":[{"href":"https:\/\/ardaekintuncay.com\/psikoloji101\/wp-json\/wp\/v2\/product\/487","targetHints":{"allow":["GET"]}}],"collection":[{"href":"https:\/\/ardaekintuncay.com\/psikoloji101\/wp-json\/wp\/v2\/product"}],"about":[{"href":"https:\/\/ardaekintuncay.com\/psikoloji101\/wp-json\/wp\/v2\/types\/product"}],"replies":[{"embeddable":true,"href":"https:\/\/ardaekintuncay.com\/psikoloji101\/wp-json\/wp\/v2\/comments?post=487"}],"version-history":[{"count":3,"href":"https:\/\/ardaekintuncay.com\/psikoloji101\/wp-json\/wp\/v2\/product\/487\/revisions"}],"predecessor-version":[{"id":1490,"href":"https:\/\/ardaekintuncay.com\/psikoloji101\/wp-json\/wp\/v2\/product\/487\/revisions\/1490"}],"wp:featuredmedia":[{"embeddable":true,"href":"https:\/\/ardaekintuncay.com\/psikoloji101\/wp-json\/wp\/v2\/media\/1341"}],"wp:attachment":[{"href":"https:\/\/ardaekintuncay.com\/psikoloji101\/wp-json\/wp\/v2\/media?parent=487"}],"wp:term":[{"taxonomy":"product_brand","embeddable":true,"href":"https:\/\/ardaekintuncay.com\/psikoloji101\/wp-json\/wp\/v2\/product_brand?post=487"},{"taxonomy":"product_cat","embeddable":true,"href":"https:\/\/ardaekintuncay.com\/psikoloji101\/wp-json\/wp\/v2\/product_cat?post=487"},{"taxonomy":"product_tag","embeddable":true,"href":"https:\/\/ardaekintuncay.com\/psikoloji101\/wp-json\/wp\/v2\/product_tag?post=487"}],"curies":[{"name":"wp","href":"https:\/\/api.w.org\/{rel}","templated":true}]}}